{"id":10372,"date":"2023-10-12T18:22:29","date_gmt":"2023-10-12T18:22:29","guid":{"rendered":"https:\/\/www.gostodetinta.com\/loja\/?page_id=10372"},"modified":"2025-04-01T19:09:37","modified_gmt":"2025-04-01T19:09:37","slug":"politica-de-privacidade","status":"publish","type":"page","link":"https:\/\/www.gostodetinta.com\/loja\/politica-de-privacidade\/","title":{"rendered":"Pol\u00edtica de privacidade"},"content":{"rendered":"\t\t<div data-elementor-type=\"wp-page\" data-elementor-id=\"10372\" class=\"elementor elementor-10372\" data-elementor-settings=\"{&quot;ha_cmc_init_switcher&quot;:&quot;no&quot;}\" data-elementor-post-type=\"page\">\n\t\t\t\t<div class=\"elementor-element elementor-element-7268438 e-con-full e-flex e-con e-parent\" data-id=\"7268438\" data-element_type=\"container\" data-e-type=\"container\" data-settings=\"{&quot;_ha_eqh_enable&quot;:false}\">\n\t\t\t\t<div class=\"elementor-element elementor-element-74d7d95 elementor-widget__width-initial elementor-widget-mobile__width-initial elementor-widget elementor-widget-heading\" data-id=\"74d7d95\" data-element_type=\"widget\" data-e-type=\"widget\" data-widget_type=\"heading.default\">\n\t\t\t\t\t<h2 class=\"elementor-heading-title elementor-size-default\">CONHE\u00c7A NOSSA<\/h2>\t\t\t\t<\/div>\n\t\t\t\t<div class=\"elementor-element elementor-element-c74c769 elementor-widget__width-initial elementor-widget-mobile__width-initial elementor-widget elementor-widget-heading\" data-id=\"c74c769\" data-element_type=\"widget\" data-e-type=\"widget\" data-widget_type=\"heading.default\">\n\t\t\t\t\t<h2 class=\"elementor-heading-title elementor-size-default\">Pol\u00edtica de privacidade<\/h2>\t\t\t\t<\/div>\n\t\t\t\t<div class=\"elementor-element elementor-element-492647f elementor-widget elementor-widget-text-editor\" data-id=\"492647f\" data-element_type=\"widget\" data-e-type=\"widget\" data-widget_type=\"text-editor.default\">\n\t\t\t\t\t\t\t\t\t<p>1) A Gosto de Tinta reserva-se o direito de, a qualquer momento realizar promo\u00e7\u00f5es para a venda de seus servi\u00e7os. As promo\u00e7\u00f5es ser\u00e3o sempre por prazo determinado e poder\u00e3o ser canceladas a qualquer tempo, a crit\u00e9rio da Gosto de Tinta.<\/p><p>2) Ap\u00f3s efetuado o pagamento do servi\u00e7o solicitado, o Contratante n\u00e3o mais poder\u00e1 desistir da sua realiza\u00e7\u00e3o, vez que o servi\u00e7o \u00e9 personalizado e destinado especialmente a ele, motivo pelo qual, vindo a desistir do servi\u00e7o, n\u00e3o haver\u00e1 devolu\u00e7\u00e3o da quantia paga.<\/p><p>3) Qualquer problema com os servi\u00e7os solicitados dever\u00e1 ser resolvido pelo Contratante, diretamente com a Gosto de Tinta. O Contratante reconhece e tem total ci\u00eancia de que o SITE constitui-se em um mero instrumento divulgador do servi\u00e7o, onde se disponibilizam informa\u00e7\u00f5es para realiza\u00e7\u00e3o desta opera\u00e7\u00e3o comercial.<\/p><p>4) A Gosto de Tinta reserva-se o direito de n\u00e3o realizar servi\u00e7os cujos arquivos contenham conte\u00fado pornogr\u00e1fico, discriminat\u00f3rio, profano, ofensivo, que atentem \u00e0 moral e aos bons costumes, bem como outros que, a seu crit\u00e9rios possam gerar a\u00e7\u00f5es indenizat\u00f3rias ou prejudicar terceiros, ou que se constituam em crime ou contraven\u00e7\u00e3o penal.<\/p><p>5) Contratante fica ciente e autoriza, quando da realiza\u00e7\u00e3o do pedido, que a Gosto de Tinta possa efetuar c\u00f3pias dos arquivos enviados por ele, sempre que necess\u00e1rio para a realiza\u00e7\u00e3o dos trabalhos e cumprimento da sua obriga\u00e7\u00e3o. A Gosto de Tinta tomar\u00e1 os cuidados normais para que os arquivos digitais, enviadas pelo Contratante n\u00e3o sejam acessados ou divulgados por terceiros ou para terceiros. Entretanto, o Contratante reconhece que durante o envio deste arquivo o mesmo pode estar sujeito a intercepta\u00e7\u00e3o por terceiros ou a\u00e7\u00e3o de \u201chackers\u201d, hip\u00f3tese na qual a Gosto de Tinta n\u00e3o poder\u00e1 ser responsabilizada por tratar-se de caso fortuito.<\/p><p>6) A responsabilidade da Gosto de Tinta est\u00e1 limitada somente \u00e0 realiza\u00e7\u00e3o do servi\u00e7o, \u00e0 produ\u00e7\u00e3o do mesmo dentro do prazo e nas condi\u00e7\u00f5es acordadas, com o padr\u00e3o de qualidade acordado. AGosto de Tinta n\u00e3o responder\u00e1 por quaisquer outras despesas quer sejam diretas ou indiretas, incluindo aqui perdas e danos, honor\u00e1rios, indeniza\u00e7\u00f5es etc.<\/p><p>7) O Contratante ter\u00e1 o dever de cuidar para que os arquivos enviados estejam em total conformidade t\u00e9cnica com as dicas especiais constantes nas p\u00e1ginas do SITE e que \u00e9 responsabilidade do Contratante o preparo dos arquivos e a confer\u00eancia das especifica\u00e7\u00f5es t\u00e9cnicas.<\/p><p>8) O Contratante reconhece e concorda que o conte\u00fado, incluindo, sem limita\u00e7\u00e3o, textos, programas de software, musicas, sons, fotografias, gr\u00e1ficos, v\u00eddeos ou outros materiais contidos em propagandas dispon\u00edveis no servi\u00e7o oferecido, bem como as informa\u00e7\u00f5es divulgadas ao Contratante atrav\u00e9s do servi\u00e7o ou de anunciantes, podem estar protegidos por direitos autorais, de imagens, marcas, patentes ou outros direitos de propriedade intelectual e legisla\u00e7\u00e3o aplic\u00e1vel.<\/p><p>9) O Contratante reconhece e concorda que somente poder\u00e1 utilizar tais materiais e informa\u00e7\u00f5es conforme expressamente autorizado pelos anunciantes ou por quem de direito para faz\u00ea-lo, e n\u00e3o poder\u00e1 copiar, reproduzir, transmitir, distribuir ou criar obras derivadas a partir de tais materiais ou informa\u00e7\u00f5es sem autoriza\u00e7\u00e3o expressa do respectivo propriet\u00e1rio.<\/p><p>10) O Contratante isenta a Gosto de Tinta, seus diretores e empregados, de quaisquer perdas, despesas, danos, reclama\u00e7\u00f5es ou reivindica\u00e7\u00f5es, incorridos por quaisquer terceiros ou sofridos pela Gosto de Tinta com rela\u00e7\u00e3o ou em decorr\u00eancia de qualquer uso ou transmiss\u00e3o que ocorra sob endere\u00e7o eletr\u00f4nico e senha do Contratante (login do Contratante no SITE) e que viole os termos do servi\u00e7o oferecido\/solicitado, quaisquer leis ou regulamentos locais, nacionais ou internacionais aplic\u00e1veis, ou quaisquer direitos de terceiros, sem preju\u00edzo de eventuais indeniza\u00e7\u00f5es decorrentes.<\/p><p>DA RESCIS\u00c3O:<\/p><p>11) A Gosto de Tinta poder\u00e1 cancelar o acesso dos Contratantes aos servi\u00e7os oferecidos como um todo ou a qualquer parte deste, a qualquer momento, com ou sem motivo, com ou sem aviso pr\u00e9vio, a crit\u00e9rio exclusivo da Gosto de Tinta.<\/p><p>12) A Gosto de Tinta reserva-se o direito de modificar ou descontinuar os servi\u00e7os oferecidos, independentemente de notifica\u00e7\u00e3o ao Contratante, antes da contrata\u00e7\u00e3o dos servi\u00e7os.<\/p><p>13) A Gosto de Tinta poder\u00e1 enviar avisos de promo\u00e7\u00f5es e informa\u00e7\u00f5es sobre novos servi\u00e7os etc. Esta comunica\u00e7\u00e3o poder\u00e1 ser feita por mala direta, contato telef\u00f4nico, contato no celular, envio de e-mail, envio de SMS, envio de MMS, e outras formas que venham a ser criadas ou disponibilizadas.<\/p><p>14) A Gosto de Tinta n\u00e3o far\u00e1 em hip\u00f3tese alguma devolu\u00e7\u00e3o do valor pago em processo de cria\u00e7\u00e3o, Seja ele logotipo, criativos, sites ou e-commerce. Cada trabalho \u00e9 personalizado e baseado nas orienta\u00e7\u00f5es enviadas pelo cliente; e por esse motivo com um projeto iniciado n\u00e3o haver\u00e1 reembolso.<\/p><p>DA UTILIZA\u00c7\u00c3O E RESPONSABILIDADES PELOS DADOS:<\/p><p>15) As informa\u00e7\u00f5es prestadas pelo Contratante necess\u00e1rias para a contrata\u00e7\u00e3o dos servi\u00e7os ser\u00e3o utilizadas apenas para os fins de cadastros, legais, tribut\u00e1rios e objeto do presente instrumento, de modo que aGosto de Tinta se compromete a n\u00e3o utilizar destas para quaisquer fins, como ainda de n\u00e3o divulg\u00e1-las ao p\u00fablico em geral, a n\u00e3o ser por determina\u00e7\u00e3o judicial.<\/p><p>16) Entretanto, para fins estat\u00edsticos, a Gosto de Tinta poder\u00e1 utilizar as informa\u00e7\u00f5es fornecidas pelo Contratante, bem como o modo, fins e hor\u00e1rios de utiliza\u00e7\u00e3o dos servi\u00e7os e produtos disponibilizados pelo SITE.<\/p><p>17) Em caso de altera\u00e7\u00e3o de qualquer um dos dados cadastrais informados pelo Contratante, estes dever\u00e3o ser atualizados de imediato, ou estar\u00e1 o Contratante respons\u00e1vel por danos ou preju\u00edzos que venham a ser causados \u00e0 Gosto de Tinta ou a terceiros pela falta de atualiza\u00e7\u00e3o de seu cadastro junto a mesma, que pode implicar em entrega errada, n\u00e3o realiza\u00e7\u00e3o da entrega, entre outros.<\/p><p>18) O Contratante responder\u00e1 civil e criminalmente e pelos danos morais e materiais ou por qualquer preju\u00edzo que venha a causar \u00e0 Gosto de Tinta, em decorr\u00eancia do n\u00e3o cumprimento ou do cumprimento irregular do presente instrumento, bem como por quaisquer danos que venha a causar a terceiros, por ato ou fato resultante da utiliza\u00e7\u00e3o em desacordo com os termos deste instrumento, ou declara\u00e7\u00e3o falsa que utilize.<\/p><p>POL\u00cdTICA DE TROCAS E DEVOLU\u00c7\u00d5ES:<\/p><p>19) A toler\u00e2ncia do eventual descumprimento de quaisquer das cl\u00e1usulas e condi\u00e7\u00f5es do presente contrato n\u00e3o constituir\u00e1 nova\u00e7\u00e3o das obriga\u00e7\u00f5es aqui estipuladas e tampouco impedir\u00e1 ou inibir\u00e1 a exigibilidade das mesmas a qualquer tempo.<\/p><p>20) A Gosto de Tinta n\u00e3o ser\u00e1 responsabilizada, caso o conte\u00fado dos arquivos enviados estejam com problemas de corre\u00e7\u00e3o dos textos, nomes, telefones, erros ortogr\u00e1ficos e outros itens que comp\u00f5em a arte, bem como n\u00e3o seguir as dicas de qualidade informadas no SITE, para que a produ\u00e7\u00e3o esteja perfeita e o trabalho n\u00e3o seja perdido.<\/p><p>21) A Gosto de Tinta assegura a reimpress\u00e3o dos arquivos enviados, nos casos em que se comprovem defeitos exclusivos no processo de impress\u00e3o. O cliente poder\u00e1 solicitar a substitui\u00e7\u00e3o dos produtos que julgar com defeito, respeitadas as varia\u00e7\u00f5es decorrentes do processo de produ\u00e7\u00e3o e impress\u00e3o das gr\u00e1ficas, conforme o artigo 18 do C\u00f3digo de Defesa do Consumidor.<\/p><p>22) A Gosto de Tinta n\u00e3o garante fidelidade de cores em nenhuma hip\u00f3tese. Os impressos poder\u00e3o apresentar varia\u00e7\u00e3o de intensidade e tonalidade das cores, em rela\u00e7\u00e3o ao monitor ou \u00e0 prova impressa, bem como em rela\u00e7\u00e3o \u00e0s reimpress\u00f5es. Os impressos poder\u00e3o apresentar varia\u00e7\u00e3o de tonalidade e\/ou intensidade dentro do mesmo lote, n\u00e3o caracterizando defeito de impresso, os desvios de cores entre duas ou mais ordens, em compara\u00e7\u00e3o com uma ordem antiga, entre folhas soltas, os limites de toler\u00e2ncia nos cortes ou dobras, os formatos acabados, em todos os materiais, de 3mm de varia\u00e7\u00e3o m\u00e1xima.<\/p><p>23) Poder\u00e1 ocorrer varia\u00e7\u00e3o de at\u00e9 10% nas cores entre os primeiros e \u00faltimos impressos do mesmo arquivo no mesmo lote, n\u00e3o caracterizando defeito de impress\u00e3o.<\/p><p>24) Todos os pedidos s\u00e3o impressos com at\u00e9 10% de varia\u00e7\u00e3o, para mais ou para menos, sendo efetuada uma triagem manual para remo\u00e7\u00e3o da maioria dos impressos defeituosos. Eventualmente algumas unidades de impressos defeituosos poder\u00e3o ser embaladas nos pacotes, n\u00e3o caracterizando a necessidade de reimpress\u00e3o.<\/p><p>25) Caso seja constatada durante a triagem que, por qualquer motivo, a perda do material foi inferior a 30%, n\u00e3o ser\u00e1 feita a reimpress\u00e3o. S\u00f3 ser\u00e1 efetuada reimpress\u00e3o por quantidade quando a falta do material for superior a 30% do total.<\/p><p>26) Para todos os casos, a devolu\u00e7\u00e3o total do material defeituoso \u00e9 obrigat\u00f3ria para que se proceda com a an\u00e1lise e poss\u00edvel reimpress\u00e3o. Os produtos dever\u00e3o ser devolvidos, em sua embalagem original, sem ind\u00edcios de uso e nas mesmas condi\u00e7\u00f5es que forem recebidas. Se ap\u00f3s an\u00e1lise ficar constatado que n\u00e3o houve defeito no processo de impress\u00e3o, o material ser\u00e1 enviado novamente para o cliente, n\u00e3o ser\u00e1 realizado reembolso ou cr\u00e9dito para uma futura compra.<\/p><p>27) Para iniciar o processo de devolu\u00e7\u00e3o e an\u00e1lise do material, entre em contato com um de nossos canais de atendimento, O prazo para an\u00e1lise \u00e9 de 5 dias \u00fateis, a contar da chegada do produto na Gosto de Tinta.<\/p><p>28) O prazo para reclama\u00e7\u00f5es de eventuais defeitos \u00e9 de 5 dias corridos da data da finaliza\u00e7\u00e3o da produ\u00e7\u00e3o do pedido, exceto quando \u00e0s quantidades, que dever\u00e1 ser reclamada no ato da retirada ou entrega. N\u00e3o aceitamos reclama\u00e7\u00f5es ap\u00f3s este prazo.<\/p><p>29) N\u00e3o faremos reimpress\u00e3o por causa de rigidez do papel.<\/p><p>DAS DISPOSI\u00c7\u00d5ES GERAIS:<\/p><p>30) A Gosto de Tinta realiza somente servi\u00e7os e produtos gr\u00e1ficos para usos promocionais. O Contratante declara que os produtos n\u00e3o ser\u00e3o comercializados no mercado. Qualquer tentativa de burlar essa norma ser\u00e1 caracterizada como crime de falsidade ideol\u00f3gica.<\/p><p>31) Ao solicitar a compra do servi\u00e7o, o Contratante dever\u00e1 declarar, sob as penas da Lei, que \u00e9 o propriet\u00e1rio do arquivo e dos direitos a ele inerentes, cujo servi\u00e7o est\u00e1 sendo solicitado, e desta forma, est\u00e1 expressamente autorizado, e que, no caso do trabalho conter pessoa ou lugares os quais dependam de autoriza\u00e7\u00e3o, estas foram obtidas, bem como que os servi\u00e7os n\u00e3o ser\u00e3o utilizados para alterarem a realidade dos fatos e assim prejudicarem terceiros, seja em processos judiciais ou em que \u00e2mbito for.<\/p><p>32) As declara\u00e7\u00f5es acima a serem prestadas pelo Contratante dever\u00e3o ser verdadeiras, estando este sujeito \u00e0s penas das leis civis e criminais, por falsa informa\u00e7\u00e3o ou pelas consequ\u00eancias oriundas do seu ato praticado.<\/p><p>33) A Gosto de Tinta tem um ambiente tecnol\u00f3gico seguro. A comunica\u00e7\u00e3o entre o computador do Contratante e a Gosto de Tinta, durante o procedimento de cadastro e\/ou altera\u00e7\u00e3o de dados cadastrais e senha utilizam criptografia padr\u00e3o, e protocolo SSL \u2013 Secure Sockets Layer. No entanto, nenhuma transmiss\u00e3o de dados atrav\u00e9s da Internet \u00e9 totalmente segura. Assim, apesar dos esfor\u00e7os da Gosto de Tinta para garantir a privacidade de seus dados, tanto no armazenamento quanto na transmiss\u00e3o dos mesmos, a Gosto de Tinta n\u00e3o pode garantir total seguran\u00e7a.<\/p><p>34) O presente instrumento constitui o acordo integral entre as partes, prevalecendo sobre qualquer outro entendimento firmado anteriormente.<\/p><p>35) O Contratante compromete-se a n\u00e3o ingressar nas imagens de outros Contratantes, seja violando ou n\u00e3o o sistema de seguran\u00e7a, sob pena de responder civil e criminalmente pelos danos causados.<\/p><p>36) Todas as notifica\u00e7\u00f5es a qualquer das partes devem ser feitas por escrito, via e-mail ou correio convencional. A Gosto de Tinta poder\u00e1 divulgar notifica\u00e7\u00f5es ou mensagens atrav\u00e9s do SITE para informar o Contratante de mudan\u00e7as no servi\u00e7o ou termos do servi\u00e7o, ou outros assuntos relevantes.<\/p><p>37) O SITE apresentar\u00e1 a rela\u00e7\u00e3o de servi\u00e7os dispon\u00edveis, onde estar\u00e1 constando o valor de cada um,sendo que o Contratante escolher\u00e1 o tipo de servi\u00e7o que deseja. A informa\u00e7\u00e3o de pre\u00e7o pode ser alterada sem aviso pr\u00e9vio, sendo considerada v\u00e1lida a informa\u00e7\u00e3o do momento de solicita\u00e7\u00e3o do servi\u00e7o. Por este motivo, o Contratante deve sempre consultar o valor final atualizado na tela do SITE, e que ir\u00e1 constar no momento do pedido.<\/p><p>38) O SITE somente executar\u00e1 servi\u00e7os provenientes de arquivos digitais, estando claro que o Contratante, para isto dever\u00e1 ter acesso a internet, por sua conta e risco.<\/p><p>39) A Gosto de Tinta reserva-se do direito de a qualquer momento alterar o disposto neste instrumento, mediante a disponibilidade na p\u00e1gina inicial do SITE.<\/p><p>40) A Gosto de Tinta \u00e9 a titular da marca, logotipo, logomarca e endere\u00e7o utilizados neste SITE, sendo-lhe assegurados todos os direitos sobre os mesmos.<\/p><p>41) Ap\u00f3s efetuado o pagamento do servi\u00e7o solicitado, o Contratante n\u00e3o mais poder\u00e1 desistir da sua realiza\u00e7\u00e3o. Considerando que os produtos confeccionados pela Gosto de Tinta s\u00e3o customizados e de aproveitamento exclusivo do solicitante, o que impede sua reutiliza\u00e7\u00e3o e revenda para terceiros pela Gosto de Tinta, eventual desist\u00eancia do servi\u00e7o, INDEPENDENTE DO PRAZO em que formalizado o intuito de cancelamento, n\u00e3o resultar\u00e1 em devolu\u00e7\u00e3o da quantia paga. Caso a produ\u00e7\u00e3o do servi\u00e7o n\u00e3o tenha sido iniciada, ser\u00e1 gerado um b\u00f4nus da quantia paga, descontadas eventuais despesas realizadas, a ser utilizado em outro servi\u00e7o pelo Contratante.<\/p><p>42) Adicionalmente, a Gosto de Tinta \u00e9 titular de todas as informa\u00e7\u00f5es, documentos, imagens e materiais contidos no SITE: Assim, a reprodu\u00e7\u00e3o, armazenamento, desses materiais sujeitar\u00e1 o Contratante \u00e0s penas da lei.<\/p><p>43) O presente contrato n\u00e3o configura qualquer forma de sociedade, v\u00ednculo, parceria, de fato ou de direito, entre as partes, inexistindo solidariedade entre elas, e n\u00e3o estando as mesmas autorizadas a representar ou assumir obriga\u00e7\u00f5es uma em nome da outra.<\/p><p>44) Com o pedido de compra no SITE, tem in\u00edcio este contrato, demonstrando que o Contratante aceita as condi\u00e7\u00f5es estipuladas neste instrumento, que dever\u00e3o ser observadas e seguidas pelo Contratante at\u00e9 a entrega dos produtos e efetuado o pagamento devido, sendo que, com o pagamento total dos pedidos, este ato colocar\u00e1 termo final ao contrato.<\/p><p>(45) A Gosto de Tinta trabalha tamb\u00e9m com reposit\u00f3rios de imagens, vetores e fontes tipogr\u00e1ficas no quesito cria\u00e7\u00e3o; seja ela de logotipos, materiais gr\u00e1ficos, pe\u00e7as para web, lojas virtuais e\/ou qualquer outro projeto de cria\u00e7\u00e3o. Todos os itens disponibilizados em trabalhos s\u00e3o adquiridos de forma legal sendo eles pagos ou n\u00e3o.<\/p><p>(46) Qualquer problema com os servi\u00e7os solicitados dever\u00e1 ser resolvido pelo Contratante, diretamente com a Gosto de Tinta. O Contratante reconhece e tem total ci\u00eancia de que o SITE se constitui em um mero instrumento divulgador do servi\u00e7o, onde se disponibilizam informa\u00e7\u00f5es para realiza\u00e7\u00e3o desta opera\u00e7\u00e3o comercial.<\/p><p>47)Trabalhamos com a modalidade FRETE GR\u00c1TIS via Transpordora credenciada ou PAC (correios) para encomendas at\u00e9 30kg. A localiza\u00e7\u00e3o do cliente influ\u00eancia diretamente na forma e prazo de entrega.<\/p>\t\t\t\t\t\t\t\t<\/div>\n\t\t\t\t<\/div>\n\t\t\t\t<\/div>\n\t\t","protected":false},"excerpt":{"rendered":"<p>CONHE\u00c7A NOSSA Pol\u00edtica de privacidade 1) A Gosto de Tinta reserva-se o direito de, a qualquer momento realizar promo\u00e7\u00f5es para a venda de seus servi\u00e7os. As promo\u00e7\u00f5es ser\u00e3o sempre por prazo determinado e poder\u00e3o ser canceladas a qualquer tempo, a crit\u00e9rio da Gosto de Tinta. 2) Ap\u00f3s efetuado o pagamento do servi\u00e7o solicitado, o Contratante &hellip; <a href=\"https:\/\/www.gostodetinta.com\/loja\/politica-de-privacidade\/\" class=\"more-link\">Continue reading <span class=\"screen-reader-text\">Pol\u00edtica de privacidade<\/span><\/a><\/p>\n","protected":false},"author":1,"featured_media":0,"parent":0,"menu_order":0,"comment_status":"closed","ping_status":"closed","template":"elementor_canvas","meta":{"footnotes":""},"class_list":["post-10372","page","type-page","status-publish","hentry"],"aioseo_notices":[],"_links":{"self":[{"href":"https:\/\/www.gostodetinta.com\/loja\/wp-json\/wp\/v2\/pages\/10372","targetHints":{"allow":["GET"]}}],"collection":[{"href":"https:\/\/www.gostodetinta.com\/loja\/wp-json\/wp\/v2\/pages"}],"about":[{"href":"https:\/\/www.gostodetinta.com\/loja\/wp-json\/wp\/v2\/types\/page"}],"author":[{"embeddable":true,"href":"https:\/\/www.gostodetinta.com\/loja\/wp-json\/wp\/v2\/users\/1"}],"replies":[{"embeddable":true,"href":"https:\/\/www.gostodetinta.com\/loja\/wp-json\/wp\/v2\/comments?post=10372"}],"version-history":[{"count":0,"href":"https:\/\/www.gostodetinta.com\/loja\/wp-json\/wp\/v2\/pages\/10372\/revisions"}],"wp:attachment":[{"href":"https:\/\/www.gostodetinta.com\/loja\/wp-json\/wp\/v2\/media?parent=10372"}],"curies":[{"name":"wp","href":"https:\/\/api.w.org\/{rel}","templated":true}]}}